{"id":139,"date":"2024-05-27T14:16:32","date_gmt":"2024-05-27T14:16:32","guid":{"rendered":"https:\/\/itd-gaudeamus.hr\/?page_id=139"},"modified":"2024-05-31T11:02:56","modified_gmt":"2024-05-31T11:02:56","slug":"usluge","status":"publish","type":"page","link":"https:\/\/itd-gaudeamus.hr\/?page_id=139","title":{"rendered":"Usluge"},"content":{"rendered":"\n<details class=\"wp-block-details has-superbfont-medium-font-size is-layout-flow wp-block-details-is-layout-flow\"><summary>Dizajn<\/summary>\n<p class=\"has-superbfont-small-font-size\">Izrada logotipa, vizualnog identiteta tvrtke ili proizvoda.<\/p>\n<\/details>\n\n\n\n<details class=\"wp-block-details has-superbfont-medium-font-size is-layout-flow wp-block-details-is-layout-flow\"><summary>Izdava\u0161tvo<\/summary>\n<p class=\"has-superbfont-small-font-size\">Priprema i objava publikacije.<\/p>\n<\/details>\n\n\n\n<details class=\"wp-block-details has-superbfont-medium-font-size is-layout-flow wp-block-details-is-layout-flow\"><summary>Obrada tekstova<\/summary>\n<p class=\"has-superbfont-small-font-size\">Prijepis i obrada rukopisnih tekstova.<\/p>\n<\/details>\n\n\n\n<details class=\"wp-block-details has-superbfont-medium-font-size is-layout-flow wp-block-details-is-layout-flow\"><summary>Ure\u0111ivanje<\/summary>\n<p class=\"has-superbfont-small-font-size\">Uredni\u010dko \u010ditanje i priprema za objavu, redaktura, jezi\u010dna lektura, korektura.<\/p>\n<\/details>\n\n\n\n<hr class=\"wp-block-separator has-alpha-channel-opacity is-style-wide\"\/>\n\n\n\n<details class=\"wp-block-details has-superbfont-medium-font-size is-layout-flow wp-block-details-is-layout-flow\"><summary>Pisanje sadr\u017eaja<\/summary>\n<p class=\"has-superbfont-small-font-size\">Pisanje i ure\u0111ivanje sadr\u017eaja za dru\u0161tvene mre\u017ee ili internetske stranice, priprema PR tekstova te izrada video i foto sadr\u017eaja.<\/p>\n<\/details>\n\n\n\n<details class=\"wp-block-details has-superbfont-medium-font-size is-layout-flow wp-block-details-is-layout-flow\"><summary>Priprema promotivnih materijala<\/summary>\n<p class=\"has-superbfont-small-font-size\">Osmi\u0161ljavanje sadr\u017eaja, teksta i dizajna bro\u0161ura, letaka.<\/p>\n<\/details>\n\n\n\n<details class=\"wp-block-details has-superbfont-medium-font-size is-layout-flow wp-block-details-is-layout-flow\"><summary>Izrada media plana<\/summary>\n<p class=\"has-superbfont-small-font-size\">Planiranje promid\u017ebene medijske aktivnosti i zakup medijskog prostora.<\/p>\n<\/details>\n\n\n\n<details class=\"wp-block-details has-superbfont-medium-font-size is-layout-flow wp-block-details-is-layout-flow\"><summary>E-mail marketing<\/summary>\n<p class=\"has-superbfont-small-font-size\">Osmi\u0161ljavanje i izrada newslettera.<\/p>\n<\/details>\n\n\n\n<hr class=\"wp-block-separator has-alpha-channel-opacity is-style-wide\"\/>\n\n\n\n<details class=\"wp-block-details has-superbfont-medium-font-size is-layout-flow wp-block-details-is-layout-flow\"><summary>Tehni\u010dki elaborati<\/summary>\n<p class=\"has-superbfont-small-font-size\">Izrada tehni\u010dkih elaborata, usluge ra\u010dunalne obrade podataka i GIS sustavi.<\/p>\n<\/details>\n\n\n\n<details class=\"wp-block-details has-superbfont-medium-font-size is-layout-flow wp-block-details-is-layout-flow\"><summary>Komunikacija s klijentima<\/summary>\n<p class=\"has-superbfont-small-font-size\">Odgovaranje na e-mailove ili komentare na dru\u0161tvenim mre\u017eama, zaprimanje narud\u017ebi i sl.<\/p>\n<\/details>\n\n\n\n<details class=\"wp-block-details has-superbfont-medium-font-size is-layout-flow wp-block-details-is-layout-flow\"><summary>Izrada prezentacija<\/summary>\n<p class=\"has-superbfont-small-font-size\">Izrada PowerPoint prezentacija, prezentacija za webinare, seminare i sl.<\/p>\n<\/details>\n\n\n\n<hr class=\"wp-block-separator has-alpha-channel-opacity is-style-dots\"\/>\n\n\n\n<div style=\"height:28px\" aria-hidden=\"true\" class=\"wp-block-spacer\"><\/div>\n\n\n\n<div style=\"height:15px\" aria-hidden=\"true\" class=\"wp-block-spacer\"><\/div>\n","protected":false},"excerpt":{"rendered":"","protected":false},"author":1,"featured_media":0,"parent":0,"menu_order":0,"comment_status":"closed","ping_status":"closed","template":"","meta":{"footnotes":""},"class_list":["post-139","page","type-page","status-publish","hentry"],"_links":{"self":[{"href":"https:\/\/itd-gaudeamus.hr\/index.php?rest_route=\/wp\/v2\/pages\/139","targetHints":{"allow":["GET"]}}],"collection":[{"href":"https:\/\/itd-gaudeamus.hr\/index.php?rest_route=\/wp\/v2\/pages"}],"about":[{"href":"https:\/\/itd-gaudeamus.hr\/index.php?rest_route=\/wp\/v2\/types\/page"}],"author":[{"embeddable":true,"href":"https:\/\/itd-gaudeamus.hr\/index.php?rest_route=\/wp\/v2\/users\/1"}],"replies":[{"embeddable":true,"href":"https:\/\/itd-gaudeamus.hr\/index.php?rest_route=%2Fwp%2Fv2%2Fcomments&post=139"}],"version-history":[{"count":6,"href":"https:\/\/itd-gaudeamus.hr\/index.php?rest_route=\/wp\/v2\/pages\/139\/revisions"}],"predecessor-version":[{"id":173,"href":"https:\/\/itd-gaudeamus.hr\/index.php?rest_route=\/wp\/v2\/pages\/139\/revisions\/173"}],"wp:attachment":[{"href":"https:\/\/itd-gaudeamus.hr\/index.php?rest_route=%2Fwp%2Fv2%2Fmedia&parent=139"}],"curies":[{"name":"wp","href":"https:\/\/api.w.org\/{rel}","templated":true}]}}